{"id":987,"date":"2024-12-05T18:19:09","date_gmt":"2024-12-05T10:19:09","guid":{"rendered":"http:\/\/www.hexinfiltermachine.com\/?post_type=product&#038;p=987"},"modified":"2025-04-10T16:08:16","modified_gmt":"2025-04-10T08:08:16","slug":"filtro-de-torre-tfp","status":"publish","type":"product","link":"https:\/\/www.hexinfiltermachine.com\/es\/product\/tfp-tower-filter\/","title":{"rendered":"Filtro de torre TFP"},"content":{"rendered":"<ul>\n<li>Placa de filtro de estructura tipo torre, filtraci\u00f3n horizontal, carrera sincr\u00f3nica multi-cilindro, cilindro hidr\u00e1ulico autoguide, estructura compacta y dise\u00f1o avanzado.<\/li>\n<li>Todo el proceso, como la filtraci\u00f3n, la prensa, el lavado, el secado, la descarga y la regeneraci\u00f3n de telas de filtro, se puede realizar de forma continua y autom\u00e1tica.<\/li>\n<li>La presi\u00f3n de filtraci\u00f3n puede alcanzar 20 mPa.<\/li>\n<li>Funciona muy bien en todo tipo de materiales pegajosos y finos, tambi\u00e9n las escenas que requieren el pastel de filtro de baja velocidad de humedad.<\/li>\n<li>La m\u00e1quina se controla completamente por hidr\u00e1ulico, que funciona estable, confiable y seguridad, controlada por PLC y panel t\u00e1ctil con v\u00e1lvula autom\u00e1tica, operaci\u00f3n muy f\u00e1cil y alta automatizaci\u00f3n.<\/li>\n<li>La tasa de humedad del filtro es baja. La alta capacidad. La eficiencia de trabajo es varias veces incluso diez veces m\u00e1s alta que la prensa hidr\u00e1ulica tradicional.<\/li>\n<\/ul>","protected":false},"excerpt":{"rendered":"<p>La prensa de filtro vertical TFP es un sistema avanzado y totalmente automatizado dise\u00f1ado para una separaci\u00f3n s\u00f3lida-l\u00edquido, caracterizado por su alta eficiencia y bajo consumo de energ\u00eda.<\/p>\n<p>Se utiliza ampliamente para fines de desag\u00fce en la concentraci\u00f3n de salidas mineras y relaves, procesando \u00f3xidos en los sectores de fundici\u00f3n y qu\u00edmicos, manejando los residuos electrol\u00edticos, tratando los residuos de lixiviaci\u00f3n, deshidratando diversas escorias, y tambi\u00e9n es integral para los esfuerzos de conservaci\u00f3n ambiental, incluido el tratamiento de los lodos de costa y el \u00e1cido de los desechos a trav\u00e9s de una multitud de industrias.<\/p>","protected":false},"featured_media":2192,"comment_status":"open","ping_status":"closed","template":"","meta":{"_acf_changed":false},"product_brand":[],"product_cat":[15,22,26],"product_tag":[],"class_list":{"0":"post-987","1":"product","2":"type-product","3":"status-publish","4":"has-post-thumbnail","6":"product_cat-solid-liquid-separation-equipment","7":"product_cat-filter-machines","8":"product_cat-vertical-press-filter","10":"first","11":"instock","12":"shipping-taxable","13":"product-type-simple"},"acf":{"photo_gallery":{"main_parts":[[]]}},"_links":{"self":[{"href":"https:\/\/www.hexinfiltermachine.com\/es\/wp-json\/wp\/v2\/product\/987","targetHints":{"allow":["GET"]}}],"collection":[{"href":"https:\/\/www.hexinfiltermachine.com\/es\/wp-json\/wp\/v2\/product"}],"about":[{"href":"https:\/\/www.hexinfiltermachine.com\/es\/wp-json\/wp\/v2\/types\/product"}],"replies":[{"embeddable":true,"href":"https:\/\/www.hexinfiltermachine.com\/es\/wp-json\/wp\/v2\/comments?post=987"}],"wp:featuredmedia":[{"embeddable":true,"href":"https:\/\/www.hexinfiltermachine.com\/es\/wp-json\/wp\/v2\/media\/2192"}],"wp:attachment":[{"href":"https:\/\/www.hexinfiltermachine.com\/es\/wp-json\/wp\/v2\/media?parent=987"}],"wp:term":[{"taxonomy":"product_brand","embeddable":true,"href":"https:\/\/www.hexinfiltermachine.com\/es\/wp-json\/wp\/v2\/product_brand?post=987"},{"taxonomy":"product_cat","embeddable":true,"href":"https:\/\/www.hexinfiltermachine.com\/es\/wp-json\/wp\/v2\/product_cat?post=987"},{"taxonomy":"product_tag","embeddable":true,"href":"https:\/\/www.hexinfiltermachine.com\/es\/wp-json\/wp\/v2\/product_tag?post=987"}],"curies":[{"name":"wp","href":"https:\/\/api.w.org\/{rel}","templated":true}]}}