{"id":982,"date":"2024-12-05T18:14:06","date_gmt":"2024-12-05T10:14:06","guid":{"rendered":"http:\/\/www.hexinfiltermachine.com\/?post_type=product&#038;p=982"},"modified":"2025-04-17T16:13:02","modified_gmt":"2025-04-17T08:13:02","slug":"ngz-espesador-de-alta-eficiencia","status":"publish","type":"product","link":"https:\/\/www.hexinfiltermachine.com\/es\/product\/ngz-high-efficiency-thickener\/","title":{"rendered":"NGZ Espesante de alta eficiencia"},"content":{"rendered":"<p>El sistema de carga de alta eficiencia est\u00e1 equipado con capacidades para desgasificaciones exhaustivas de suspensi\u00f3n, control preciso sobre las velocidades de alimentaci\u00f3n del material y la dosificaci\u00f3n precisa de floculante.<\/p>\n<p>Las cuchillas raspadoras est\u00e1n dise\u00f1adas con una distribuci\u00f3n de espiral logar\u00edtmica, lo que permite el raspado de alta eficiencia con una resistencia m\u00ednima, lo que permite que la raspa rotativa funcione de manera suave y eficiente.<\/p>\n<p>El sistema est\u00e1 controlado por un PLC (controlador l\u00f3gico programable) e incluye varias caracter\u00edsticas avanzadas:<\/p>\n<p><strong>Alarma de sobrecarga:<\/strong>\u00a0Un indicador alerta a los operadores de posibles condiciones de sobrecarga.<\/p>\n<p><strong>Ajuste de rastrillo autom\u00e1tico:<\/strong>\u00a0El sistema levanta autom\u00e1ticamente y reduce el rastrillo seg\u00fan sea necesario.<\/p>\n<p><strong>Protecci\u00f3n de sobrecarga:<\/strong>\u00a0Tanto el motor como el circuito hidr\u00e1ulico est\u00e1n equipados con mecanismos de alivio de presi\u00f3n para garantizar que el par no exceda el valor nominal, salvaguardando el equipo.<\/p>\n<p><strong>Modos operativos:<\/strong>\u00a0El sistema admite modos de control autom\u00e1tico, manual y remoto.<\/p>\n<p>El sistema de control est\u00e1 dise\u00f1ado con m\u00faltiples capas de protecci\u00f3n:<\/p>\n<p><strong>Regulaci\u00f3n de la temperatura del petr\u00f3leo:<\/strong>\u00a0El sistema monitorea la temperatura del aceite y activa el ventilador del radiador cuando las temperaturas son altas o el dispositivo de calentamiento cuando las temperaturas son bajas, manteniendo condiciones de funcionamiento \u00f3ptimas.<\/p>\n<p><strong>Autocataci\u00f3n de presi\u00f3n:<\/strong>\u00a0Si el transformador de presi\u00f3n de la estaci\u00f3n hidr\u00e1ulica encuentra o falla o falla, la m\u00e1quina se apagar\u00e1 autom\u00e1ticamente y activar\u00e1 una alarma, evitando m\u00e1s da\u00f1os.<\/p>\n<p><strong>Parada de emergencia remota:<\/strong>\u00a0Los operadores pueden detener inmediatamente la m\u00e1quina de forma remota en caso de emergencia, mejorando la seguridad.<\/p>\n<p><strong>Protecci\u00f3n de contrase\u00f1a:<\/strong>\u00a0Un sistema de protecci\u00f3n de contrase\u00f1a evita cambios no autorizados en la configuraci\u00f3n, asegurando que solo el personal calificado pueda modificar los par\u00e1metros del sistema.<\/p>\n<p>En resumen, este sistema de carga de alta eficiencia integra un dise\u00f1o mec\u00e1nico avanzado con sistemas de control inteligentes para ofrecer operaciones eficientes, seguras y confiables.<\/p>","protected":false},"excerpt":{"rendered":"<p>Nuestra compa\u00f1\u00eda ha desarrollado un nuevo tipo de espesante utilizando tecnolog\u00eda importada, con un sistema de accionamiento central y un mecanismo de rastrillo autom\u00e1tico.<\/p>","protected":false},"featured_media":2066,"comment_status":"open","ping_status":"closed","template":"","meta":{"_acf_changed":false},"product_brand":[],"product_cat":[15,23],"product_tag":[],"class_list":{"0":"post-982","1":"product","2":"type-product","3":"status-publish","4":"has-post-thumbnail","6":"product_cat-solid-liquid-separation-equipment","7":"product_cat-thickener","9":"first","10":"instock","11":"shipping-taxable","12":"product-type-simple"},"acf":{"photo_gallery":{"main_parts":[[]]}},"_links":{"self":[{"href":"https:\/\/www.hexinfiltermachine.com\/es\/wp-json\/wp\/v2\/product\/982","targetHints":{"allow":["GET"]}}],"collection":[{"href":"https:\/\/www.hexinfiltermachine.com\/es\/wp-json\/wp\/v2\/product"}],"about":[{"href":"https:\/\/www.hexinfiltermachine.com\/es\/wp-json\/wp\/v2\/types\/product"}],"replies":[{"embeddable":true,"href":"https:\/\/www.hexinfiltermachine.com\/es\/wp-json\/wp\/v2\/comments?post=982"}],"wp:featuredmedia":[{"embeddable":true,"href":"https:\/\/www.hexinfiltermachine.com\/es\/wp-json\/wp\/v2\/media\/2066"}],"wp:attachment":[{"href":"https:\/\/www.hexinfiltermachine.com\/es\/wp-json\/wp\/v2\/media?parent=982"}],"wp:term":[{"taxonomy":"product_brand","embeddable":true,"href":"https:\/\/www.hexinfiltermachine.com\/es\/wp-json\/wp\/v2\/product_brand?post=982"},{"taxonomy":"product_cat","embeddable":true,"href":"https:\/\/www.hexinfiltermachine.com\/es\/wp-json\/wp\/v2\/product_cat?post=982"},{"taxonomy":"product_tag","embeddable":true,"href":"https:\/\/www.hexinfiltermachine.com\/es\/wp-json\/wp\/v2\/product_tag?post=982"}],"curies":[{"name":"wp","href":"https:\/\/api.w.org\/{rel}","templated":true}]}}