{"id":975,"date":"2024-12-05T18:04:00","date_gmt":"2024-12-05T10:04:00","guid":{"rendered":"http:\/\/www.hexinfiltermachine.com\/?post_type=product&#038;p=975"},"modified":"2025-04-10T15:51:18","modified_gmt":"2025-04-10T07:51:18","slug":"filtro-ceramico-df","status":"publish","type":"product","link":"https:\/\/www.hexinfiltermachine.com\/es\/product\/df-ceramic-filter\/","title":{"rendered":"Filtro de cer\u00e1mica DF"},"content":{"rendered":"<p>Bajo uso de energ\u00eda y costos operativos (p\u00e9rdida m\u00ednima de vac\u00edo), niveles de humedad reducidos en la torta de filtro y bajo contenido s\u00f3lido en el filtrado.<\/p>\n<p>Dise\u00f1o compacto altamente automatizado con requisitos de espacio m\u00ednimos, f\u00e1ciles de instalar y mantener.<\/p>","protected":false},"excerpt":{"rendered":"<p>El filtro de cer\u00e1mica funciona como un dispositivo de separaci\u00f3n s\u00f3lido-l\u00edquido que emplea la presi\u00f3n de vac\u00edo y las propiedades capilares de la placa del filtro de cer\u00e1mica para realizar su funci\u00f3n.<\/p>\n<p>Se usa ampliamente en miner\u00eda, metal ferroso, metal no ferroso, metal raro y concentrado no met\u00e1lico y descarga de colas tambi\u00e9n protecci\u00f3n contra el medio ambiente Lodos de aguas residuales y tratamiento con \u00e1cido de desechos, etc.<\/p>","protected":false},"featured_media":2189,"comment_status":"open","ping_status":"closed","template":"","meta":{"_acf_changed":false},"product_brand":[],"product_cat":[15,25],"product_tag":[],"class_list":{"0":"post-975","1":"product","2":"type-product","3":"status-publish","4":"has-post-thumbnail","6":"product_cat-solid-liquid-separation-equipment","7":"product_cat-ceramic-filter","9":"first","10":"instock","11":"shipping-taxable","12":"product-type-simple"},"acf":{"photo_gallery":{"main_parts":[[]]}},"_links":{"self":[{"href":"https:\/\/www.hexinfiltermachine.com\/es\/wp-json\/wp\/v2\/product\/975","targetHints":{"allow":["GET"]}}],"collection":[{"href":"https:\/\/www.hexinfiltermachine.com\/es\/wp-json\/wp\/v2\/product"}],"about":[{"href":"https:\/\/www.hexinfiltermachine.com\/es\/wp-json\/wp\/v2\/types\/product"}],"replies":[{"embeddable":true,"href":"https:\/\/www.hexinfiltermachine.com\/es\/wp-json\/wp\/v2\/comments?post=975"}],"wp:featuredmedia":[{"embeddable":true,"href":"https:\/\/www.hexinfiltermachine.com\/es\/wp-json\/wp\/v2\/media\/2189"}],"wp:attachment":[{"href":"https:\/\/www.hexinfiltermachine.com\/es\/wp-json\/wp\/v2\/media?parent=975"}],"wp:term":[{"taxonomy":"product_brand","embeddable":true,"href":"https:\/\/www.hexinfiltermachine.com\/es\/wp-json\/wp\/v2\/product_brand?post=975"},{"taxonomy":"product_cat","embeddable":true,"href":"https:\/\/www.hexinfiltermachine.com\/es\/wp-json\/wp\/v2\/product_cat?post=975"},{"taxonomy":"product_tag","embeddable":true,"href":"https:\/\/www.hexinfiltermachine.com\/es\/wp-json\/wp\/v2\/product_tag?post=975"}],"curies":[{"name":"wp","href":"https:\/\/api.w.org\/{rel}","templated":true}]}}