{"id":942,"date":"2024-12-05T16:36:39","date_gmt":"2024-12-05T08:36:39","guid":{"rendered":"http:\/\/www.hexinfiltermachine.com\/?post_type=product&#038;p=942"},"modified":"2025-05-19T15:27:57","modified_gmt":"2025-05-19T07:27:57","slug":"filtro-de-banda-bf","status":"publish","type":"product","link":"https:\/\/www.hexinfiltermachine.com\/es\/product\/bf-belt-filter\/","title":{"rendered":"Filtro de correa de BF"},"content":{"rendered":"<ul>\n<li>Los materiales deshidratados tienen bajo contenido de humedad, facilitando el procesamiento o transporte posterior.<\/li>\n<li>Dise\u00f1o modular, ensamblaje flexible y transporte conveniente. Tambi\u00e9n se puede entregar despu\u00e9s de la instalaci\u00f3n y la puesta en marcha<\/li>\n<li>La tela del filtro y el cintur\u00f3n de goma funcionan sincr\u00f3nicamente, lo que puede lograr la funci\u00f3n de alimentaci\u00f3n, filtrado, lavado, secado y regeneraci\u00f3n de tela de filtro continuamente.<\/li>\n<li>Control de interacci\u00f3n remota y de campo para operaci\u00f3n autom\u00e1tica<\/li>\n<li>Varios tipos de m\u00e9todos de soporte de correa de goma como tipo de rodillo, tipo de coj\u00edn de aire, tipo de paleta y m\u00faltiples formas de soporte de correa de fricci\u00f3n para reducir la resistencia a la fricci\u00f3n y aumentar la vida \u00fatil del cintur\u00f3n de goma.<\/li>\n<li>Recolecci\u00f3n de secci\u00f3n en lavado y se puede lavar en aguas abajo o aguas arriba<\/li>\n<li>Camino de lavado de alta presi\u00f3n opcional para aumentar el efecto de regeneraci\u00f3n de tela del filtro y la vida \u00fatil<\/li>\n<li>Varias formas de descarga l\u00edquida como descarga cero, descarga de alto nivel y descarga auxiliar<\/li>\n<li>El sistema puede estar semi o completamente encerrado (cubierta de aire o ventanas de pl\u00e1stico de aluminio) para manejar materiales vol\u00e1tiles, habilitando el aislamiento o la recolecci\u00f3n centralizada.<\/li>\n<\/ul>","protected":false},"excerpt":{"rendered":"<p>El filtro de vac\u00edo horizontal es un dispositivo de separaci\u00f3n s\u00f3lido-l\u00edquido altamente eficiente que utiliza la tela de filtro como medio, logiendo la separaci\u00f3n a trav\u00e9s de los efectos combinados de la gravedad del material y la succi\u00f3n al vac\u00edo.<\/p>","protected":false},"featured_media":2177,"comment_status":"open","ping_status":"closed","template":"","meta":{"_acf_changed":false},"product_brand":[],"product_cat":[15,24],"product_tag":[],"class_list":{"0":"post-942","1":"product","2":"type-product","3":"status-publish","4":"has-post-thumbnail","6":"product_cat-solid-liquid-separation-equipment","7":"product_cat-belt-filter","9":"first","10":"instock","11":"shipping-taxable","12":"product-type-simple"},"acf":{"photo_gallery":{"main_parts":[[{"id":2388,"title":"rubber skirt","caption":"","full_image_url":"https:\/\/www.hexinfiltermachine.com\/wp-content\/uploads\/2025\/05\/443a44cf905f4bcf8767d3254f92a9b.jpg","thumbnail_image_url":"https:\/\/www.hexinfiltermachine.com\/wp-content\/uploads\/2025\/05\/443a44cf905f4bcf8767d3254f92a9b-150x150.jpg","large_srcset":"https:\/\/www.hexinfiltermachine.com\/wp-content\/uploads\/2025\/05\/443a44cf905f4bcf8767d3254f92a9b.jpg 965w, https:\/\/www.hexinfiltermachine.com\/wp-content\/uploads\/2025\/05\/443a44cf905f4bcf8767d3254f92a9b-300x214.jpg 300w, https:\/\/www.hexinfiltermachine.com\/wp-content\/uploads\/2025\/05\/443a44cf905f4bcf8767d3254f92a9b-768x547.jpg 768w, https:\/\/www.hexinfiltermachine.com\/wp-content\/uploads\/2025\/05\/443a44cf905f4bcf8767d3254f92a9b-18x12.jpg 18w, https:\/\/www.hexinfiltermachine.com\/wp-content\/uploads\/2025\/05\/443a44cf905f4bcf8767d3254f92a9b-600x427.jpg 600w","medium_srcset":"https:\/\/www.hexinfiltermachine.com\/wp-content\/uploads\/2025\/05\/443a44cf905f4bcf8767d3254f92a9b-300x214.jpg 300w, https:\/\/www.hexinfiltermachine.com\/wp-content\/uploads\/2025\/05\/443a44cf905f4bcf8767d3254f92a9b-768x547.jpg 768w, https:\/\/www.hexinfiltermachine.com\/wp-content\/uploads\/2025\/05\/443a44cf905f4bcf8767d3254f92a9b-18x12.jpg 18w, https:\/\/www.hexinfiltermachine.com\/wp-content\/uploads\/2025\/05\/443a44cf905f4bcf8767d3254f92a9b-600x427.jpg 600w, https:\/\/www.hexinfiltermachine.com\/wp-content\/uploads\/2025\/05\/443a44cf905f4bcf8767d3254f92a9b.jpg 965w","media_details":{"width":965,"height":687,"sizes":{"medium":{"file":"443a44cf905f4bcf8767d3254f92a9b-300x214.jpg","width":300,"height":214,"mime-type":"image\/jpeg","filesize":15116,"source_url":"https:\/\/www.hexinfiltermachine.com\/wp-content\/uploads\/2025\/05\/443a44cf905f4bcf8767d3254f92a9b-300x214.jpg"},"thumbnail":{"file":"443a44cf905f4bcf8767d3254f92a9b-150x150.jpg","width":150,"height":150,"mime-type":"image\/jpeg","filesize":6669,"source_url":"https:\/\/www.hexinfiltermachine.com\/wp-content\/uploads\/2025\/05\/443a44cf905f4bcf8767d3254f92a9b-150x150.jpg"},"medium_large":{"file":"443a44cf905f4bcf8767d3254f92a9b-768x547.jpg","width":768,"height":547,"mime-type":"image\/jpeg","filesize":59756,"source_url":"https:\/\/www.hexinfiltermachine.com\/wp-content\/uploads\/2025\/05\/443a44cf905f4bcf8767d3254f92a9b-768x547.jpg"},"trp-custom-language-flag":{"file":"443a44cf905f4bcf8767d3254f92a9b-18x12.jpg","width":18,"height":12,"mime-type":"image\/jpeg","filesize":837,"source_url":"https:\/\/www.hexinfiltermachine.com\/wp-content\/uploads\/2025\/05\/443a44cf905f4bcf8767d3254f92a9b-18x12.jpg"},"woocommerce_thumbnail":{"file":"443a44cf905f4bcf8767d3254f92a9b-300x300.jpg","width":300,"height":300,"mime-type":"image\/jpeg","filesize":18626,"uncropped":false,"source_url":"https:\/\/www.hexinfiltermachine.com\/wp-content\/uploads\/2025\/05\/443a44cf905f4bcf8767d3254f92a9b-300x300.jpg"},"woocommerce_single":{"file":"443a44cf905f4bcf8767d3254f92a9b-600x427.jpg","width":600,"height":427,"mime-type":"image\/jpeg","filesize":42424,"source_url":"https:\/\/www.hexinfiltermachine.com\/wp-content\/uploads\/2025\/05\/443a44cf905f4bcf8767d3254f92a9b-600x427.jpg"},"woocommerce_gallery_thumbnail":{"file":"443a44cf905f4bcf8767d3254f92a9b-100x100.jpg","width":100,"height":100,"mime-type":"image\/jpeg","filesize":3763,"source_url":"https:\/\/www.hexinfiltermachine.com\/wp-content\/uploads\/2025\/05\/443a44cf905f4bcf8767d3254f92a9b-100x100.jpg"}}},"alt_text":"","url":"","target":""},{"id":2387,"title":"rubber belt","caption":"","full_image_url":"https:\/\/www.hexinfiltermachine.com\/wp-content\/uploads\/2025\/05\/77834158a73eadc404c81f408b52983.jpg","thumbnail_image_url":"https:\/\/www.hexinfiltermachine.com\/wp-content\/uploads\/2025\/05\/77834158a73eadc404c81f408b52983-150x150.jpg","large_srcset":"https:\/\/www.hexinfiltermachine.com\/wp-content\/uploads\/2025\/05\/77834158a73eadc404c81f408b52983.jpg 927w, https:\/\/www.hexinfiltermachine.com\/wp-content\/uploads\/2025\/05\/77834158a73eadc404c81f408b52983-300x222.jpg 300w, https:\/\/www.hexinfiltermachine.com\/wp-content\/uploads\/2025\/05\/77834158a73eadc404c81f408b52983-768x569.jpg 768w, https:\/\/www.hexinfiltermachine.com\/wp-content\/uploads\/2025\/05\/77834158a73eadc404c81f408b52983-16x12.jpg 16w, https:\/\/www.hexinfiltermachine.com\/wp-content\/uploads\/2025\/05\/77834158a73eadc404c81f408b52983-600x445.jpg 600w","medium_srcset":"https:\/\/www.hexinfiltermachine.com\/wp-content\/uploads\/2025\/05\/77834158a73eadc404c81f408b52983-300x222.jpg 300w, https:\/\/www.hexinfiltermachine.com\/wp-content\/uploads\/2025\/05\/77834158a73eadc404c81f408b52983-768x569.jpg 768w, https:\/\/www.hexinfiltermachine.com\/wp-content\/uploads\/2025\/05\/77834158a73eadc404c81f408b52983-16x12.jpg 16w, https:\/\/www.hexinfiltermachine.com\/wp-content\/uploads\/2025\/05\/77834158a73eadc404c81f408b52983-600x445.jpg 600w, https:\/\/www.hexinfiltermachine.com\/wp-content\/uploads\/2025\/05\/77834158a73eadc404c81f408b52983.jpg 927w","media_details":{"width":927,"height":687,"sizes":{"medium":{"file":"77834158a73eadc404c81f408b52983-300x222.jpg","width":300,"height":222,"mime-type":"image\/jpeg","filesize":17970,"source_url":"https:\/\/www.hexinfiltermachine.com\/wp-content\/uploads\/2025\/05\/77834158a73eadc404c81f408b52983-300x222.jpg"},"thumbnail":{"file":"77834158a73eadc404c81f408b52983-150x150.jpg","width":150,"height":150,"mime-type":"image\/jpeg","filesize":7492,"source_url":"https:\/\/www.hexinfiltermachine.com\/wp-content\/uploads\/2025\/05\/77834158a73eadc404c81f408b52983-150x150.jpg"},"medium_large":{"file":"77834158a73eadc404c81f408b52983-768x569.jpg","width":768,"height":569,"mime-type":"image\/jpeg","filesize":88318,"source_url":"https:\/\/www.hexinfiltermachine.com\/wp-content\/uploads\/2025\/05\/77834158a73eadc404c81f408b52983-768x569.jpg"},"trp-custom-language-flag":{"file":"77834158a73eadc404c81f408b52983-16x12.jpg","width":16,"height":12,"mime-type":"image\/jpeg","filesize":798,"source_url":"https:\/\/www.hexinfiltermachine.com\/wp-content\/uploads\/2025\/05\/77834158a73eadc404c81f408b52983-16x12.jpg"},"woocommerce_thumbnail":{"file":"77834158a73eadc404c81f408b52983-300x300.jpg","width":300,"height":300,"mime-type":"image\/jpeg","filesize":23686,"uncropped":false,"source_url":"https:\/\/www.hexinfiltermachine.com\/wp-content\/uploads\/2025\/05\/77834158a73eadc404c81f408b52983-300x300.jpg"},"woocommerce_single":{"file":"77834158a73eadc404c81f408b52983-600x445.jpg","width":600,"height":445,"mime-type":"image\/jpeg","filesize":57929,"source_url":"https:\/\/www.hexinfiltermachine.com\/wp-content\/uploads\/2025\/05\/77834158a73eadc404c81f408b52983-600x445.jpg"},"woocommerce_gallery_thumbnail":{"file":"77834158a73eadc404c81f408b52983-100x100.jpg","width":100,"height":100,"mime-type":"image\/jpeg","filesize":4053,"source_url":"https:\/\/www.hexinfiltermachine.com\/wp-content\/uploads\/2025\/05\/77834158a73eadc404c81f408b52983-100x100.jpg"}}},"alt_text":"","url":"","target":""}]]}},"_links":{"self":[{"href":"https:\/\/www.hexinfiltermachine.com\/es\/wp-json\/wp\/v2\/product\/942","targetHints":{"allow":["GET"]}}],"collection":[{"href":"https:\/\/www.hexinfiltermachine.com\/es\/wp-json\/wp\/v2\/product"}],"about":[{"href":"https:\/\/www.hexinfiltermachine.com\/es\/wp-json\/wp\/v2\/types\/product"}],"replies":[{"embeddable":true,"href":"https:\/\/www.hexinfiltermachine.com\/es\/wp-json\/wp\/v2\/comments?post=942"}],"wp:featuredmedia":[{"embeddable":true,"href":"https:\/\/www.hexinfiltermachine.com\/es\/wp-json\/wp\/v2\/media\/2177"}],"wp:attachment":[{"href":"https:\/\/www.hexinfiltermachine.com\/es\/wp-json\/wp\/v2\/media?parent=942"}],"wp:term":[{"taxonomy":"product_brand","embeddable":true,"href":"https:\/\/www.hexinfiltermachine.com\/es\/wp-json\/wp\/v2\/product_brand?post=942"},{"taxonomy":"product_cat","embeddable":true,"href":"https:\/\/www.hexinfiltermachine.com\/es\/wp-json\/wp\/v2\/product_cat?post=942"},{"taxonomy":"product_tag","embeddable":true,"href":"https:\/\/www.hexinfiltermachine.com\/es\/wp-json\/wp\/v2\/product_tag?post=942"}],"curies":[{"name":"wp","href":"https:\/\/api.w.org\/{rel}","templated":true}]}}